{"id":2,"date":"2016-05-10T03:48:21","date_gmt":"2016-05-10T03:48:21","guid":{"rendered":"http:\/\/wp-blank.server23.justdo-it.de\/?page_id=2"},"modified":"2025-05-21T12:05:26","modified_gmt":"2025-05-21T12:05:26","slug":"sample-page","status":"publish","type":"page","link":"https:\/\/wp-blank.server23.justdo-it.de\/","title":{"rendered":"Sample Page"},"content":{"rendered":"        <table class=\"cjv-table\"><thead><tr>\n            <th>Job<\/th><th>Einrichtung<\/th><th>Ort<\/th><th>Stellenumfang<\/th><th>Bereich<\/th>\n        <\/tr><\/thead><tbody>\n                <tr id=\"job-44\" class=\"cjv-row\" data-id=\"44\">\n            <td>Betreuungskraft (m\/w\/d)<\/td>\n            <td>St. Franziskus in Bad Iburg<\/td>\n            <td>Bad Iburg<\/td>\n            <td>Teilzeit 16,0 Std.\/Woche<\/td>\n            <td>Pflege<\/td>\n        <\/tr>\n        <tr class=\"cjv-detail\">\n            <td colspan=\"5\">\n                                <button class=\"cjv-copy-button\">Dieses Angebot kopieren<\/button>\n                <div class=\"cjv-detail-content\"><h4>Betreuungskraft (m\/w\/d)<\/h4>\r\n<div class=\"text\">\r\n\r\n<strong>Ihre Aufgaben:<\/strong>\r\n<ul>\r\n \t<li>Betreuung und F\u00fchrung unter Einbezug der Bed\u00fcrfnisse, W\u00fcnsche und Bedarfe der\u00a0Bewohner*innen<\/li>\r\n \t<li>st\u00e4ndigen Kontakt halten zu unseren G\u00e4sten, der Leitung und den Mitarbeitern\/-innen<\/li>\r\n<\/ul>\r\n<strong>Sie verf\u00fcgen \u00fcber:\r\n<\/strong>\r\n<ul>\r\n \t<li>eine Qualifizierung als Betreuungskraft w\u00e4re w\u00fcnschenswert<\/li>\r\n \t<li>F\u00e4higkeit zum selbstst\u00e4ndigen Arbeiten und zum Arbeiten im Team<\/li>\r\n \t<li>Flexibilit\u00e4t und Organisationsf\u00e4higkeit<\/li>\r\n \t<li>ausgepr\u00e4gte Kommunikationsf\u00e4higkeit<\/li>\r\n \t<li>ein gro\u00dfes Einf\u00fchlungsverm\u00f6gen in die Belange unserer Tagesg\u00e4ste und deren Angeh\u00f6rige<\/li>\r\n \t<li>soziale Kompetenz und Integrationsf\u00e4higkeit<\/li>\r\n<\/ul>\r\n<strong>Wir bieten Ihnen:<\/strong>\r\n<ul>\r\n \t<li>eine interessante und verantwortungsvolle Aufgabe<\/li>\r\n \t<li>einen vielseitigen T\u00e4tigkeitsbereich innerhalb eines multidisziplin\u00e4ren Teams<\/li>\r\n \t<li>qualifizierte und kollegiale Begleitung<\/li>\r\n \t<li>Arbeiten in einem motivierten und kompetenten Team<\/li>\r\n \t<li>M\u00f6glichkeit zur Fort- und Weiterbildung, Supervision<\/li>\r\n \t<li>eine leistungsgerechte Verg\u00fctung nach den Arbeitsvertragsrichtlinien des Deutschen Caritasverbandes (AVR) einschlie\u00dflich kirchlicher Zusatzversorgung<\/li>\r\n \t<li>betriebliche Gesundheitsf\u00f6rderung<\/li>\r\n<\/ul>\r\nBewerbungen von Menschen mit Behinderung sind erw\u00fcnscht.\r\n\r\n<\/div><\/div>\n                <button class=\"cjv-apply-toggle\">Bewerben<\/button>\n                <form class=\"cjv-apply-form\" method=\"post\">\n                    <input type=\"hidden\" id=\"cjv_apply_nonce\" name=\"cjv_apply_nonce\" value=\"a50b3f9c19\" \/><input type=\"hidden\" name=\"_wp_http_referer\" value=\"\/index.php?rest_route=%2Fwp%2Fv2%2Fpages%2F2\" \/>                    <input type=\"hidden\" name=\"job_id\" value=\"44\">\n                    <input type=\"hidden\" name=\"job_title\" value=\"Betreuungskraft (m\/w\/d)\">\n                    <input type=\"hidden\" name=\"job_location\" value=\"Bad Iburg\">\n                    <input type=\"hidden\" name=\"job_category\" value=\"Pflege\">\n                    <p><label>Vorname *<input type=\"text\" name=\"vorname\" required><\/label><\/p>\n                    <p><label>Name *<input type=\"text\" name=\"nachname\" required><\/label><\/p>\n                    <p><label>Wohnort *<input type=\"text\" name=\"wohnort\" required><\/label><\/p>\n                    <p><label>E-Mail<input type=\"email\" name=\"email\"><\/label><\/p>\n                    <p><label>Telefon *<input type=\"tel\" name=\"telefon\" required><\/label><\/p>\n                    <p><label>Ich bewerbe mich in *<input type=\"text\" readonly value=\"Bad Iburg\"><\/label><\/p>\n                    <p><label>Bereich *<input type=\"text\" readonly value=\"Pflege\"><\/label><\/p>\n                    <p><label>Fr\u00fchestes Eintrittsdatum<input type=\"date\" name=\"eintritt\"><\/label><\/p>\n                    <p><label>Anmerkungen<textarea name=\"anmerkungen\"><\/textarea><\/label><\/p>\n                    <p><button type=\"submit\" name=\"cjv_apply_submit\">Absenden<\/button><\/p>\n                <\/form>\n            <\/td>\n        <\/tr>\n                <tr id=\"job-43\" class=\"cjv-row\" data-id=\"43\">\n            <td>Pr\u00e4senzkraft (m\/w\/d)<\/td>\n            <td>Alten- und Pflegezentrum St. Josef-Stift<\/td>\n            <td>Bad Iburg<\/td>\n            <td>Teilzeit 20,0 Std.\/Woche<\/td>\n            <td>Hauswirtschaft\/Reinigung<\/td>\n        <\/tr>\n        <tr class=\"cjv-detail\">\n            <td colspan=\"5\">\n                                <button class=\"cjv-copy-button\">Dieses Angebot kopieren<\/button>\n                <div class=\"cjv-detail-content\"><h4>Pr\u00e4senzkraft (m\/w\/d)<\/h4>\n<div class=\"text\">\n<p><strong>Zum n\u00e4chstm\u00f6glichen Zeitpunkt sucht die CNP Nordkreis Service gGmbH Dich in Teilzeit als\u00a0Pr\u00e4senzkraft (m\/w\/d)<\/strong><\/p>\n<p>Ihre Aufgaben:<\/p>\n<ul>\n<li>Mitwirkung bei der Planung, Koordination und Durchf\u00fchrung der hauswirtschaftlichen T\u00e4tigkeiten in den Wohngruppen gem\u00e4\u00df den Anforderungen des Kunden<\/li>\n<li>Bereitstellen der Speisen nach dem Stand der aktuellen ern\u00e4hrungsphysiologischen Erkenntnisse und den Bed\u00fcrfnissen der Kunden<\/li>\n<li>st\u00e4ndigen Kontakt halten zu unseren Kunden, der Leitung und den Mitarbeiter*innen<\/li>\n<\/ul>\n<p><strong>Sie verf\u00fcgen \u00fcber:<\/strong><\/p>\n<ul>\n<li>selbstst\u00e4ndige und gewissenhafte Arbeitsweise<\/li>\n<li>Verantwortungsbewusstsein<\/li>\n<li>Kooperationsf\u00e4higkeit und Teamgeist<\/li>\n<li>Flexibilit\u00e4t betreffen der Arbeitszeit<\/li>\n<li>hohe Lern-und Leistungsbereitschaft<\/li>\n<\/ul>\n<p><strong>Wir bieten Ihnen:<\/strong><\/p>\n<ul>\n<li>eine interessante und verantwortungsvolle Aufgabe<\/li>\n<li>einen vielseitigen T\u00e4tigkeitsbereich innerhalb der Hauswirtschaft<\/li>\n<li>qualifizierte und kollegiale Begleitung<\/li>\n<li>M\u00f6glichkeit zur Fort-und Weiterbildung<\/li>\n<li>eine leistungsgerechte Verg\u00fctung<\/li>\n<\/ul>\n<p>Bewerbungen von Menschen mit Behinderung sind erw\u00fcnscht.<\/p>\n<\/div>\n<\/div>\n                <button class=\"cjv-apply-toggle\">Bewerben<\/button>\n                <form class=\"cjv-apply-form\" method=\"post\">\n                    <input type=\"hidden\" id=\"cjv_apply_nonce\" name=\"cjv_apply_nonce\" value=\"a50b3f9c19\" \/><input type=\"hidden\" name=\"_wp_http_referer\" value=\"\/index.php?rest_route=%2Fwp%2Fv2%2Fpages%2F2\" \/>                    <input type=\"hidden\" name=\"job_id\" value=\"43\">\n                    <input type=\"hidden\" name=\"job_title\" value=\"Pr\u00e4senzkraft (m\/w\/d)\">\n                    <input type=\"hidden\" name=\"job_location\" value=\"Bad Iburg\">\n                    <input type=\"hidden\" name=\"job_category\" value=\"Hauswirtschaft\/Reinigung\">\n                    <p><label>Vorname *<input type=\"text\" name=\"vorname\" required><\/label><\/p>\n                    <p><label>Name *<input type=\"text\" name=\"nachname\" required><\/label><\/p>\n                    <p><label>Wohnort *<input type=\"text\" name=\"wohnort\" required><\/label><\/p>\n                    <p><label>E-Mail<input type=\"email\" name=\"email\"><\/label><\/p>\n                    <p><label>Telefon *<input type=\"tel\" name=\"telefon\" required><\/label><\/p>\n                    <p><label>Ich bewerbe mich in *<input type=\"text\" readonly value=\"Bad Iburg\"><\/label><\/p>\n                    <p><label>Bereich *<input type=\"text\" readonly value=\"Hauswirtschaft\/Reinigung\"><\/label><\/p>\n                    <p><label>Fr\u00fchestes Eintrittsdatum<input type=\"date\" name=\"eintritt\"><\/label><\/p>\n                    <p><label>Anmerkungen<textarea name=\"anmerkungen\"><\/textarea><\/label><\/p>\n                    <p><button type=\"submit\" name=\"cjv_apply_submit\">Absenden<\/button><\/p>\n                <\/form>\n            <\/td>\n        <\/tr>\n                <tr id=\"job-35\" class=\"cjv-row\" data-id=\"35\">\n            <td>Verwaltung in GM-H\u00fctte<\/td>\n            <td>Testi<\/td>\n            <td>Georgsmarienh\u00fctte<\/td>\n            <td>1 Std \/ Tag<\/td>\n            <td>Verwaltung<\/td>\n        <\/tr>\n        <tr class=\"cjv-detail\">\n            <td colspan=\"5\">\n                                <button class=\"cjv-copy-button\">Dieses Angebot kopieren<\/button>\n                <div class=\"cjv-detail-content\"><p>hah<\/p>\n<\/div>\n                <button class=\"cjv-apply-toggle\">Bewerben<\/button>\n                <form class=\"cjv-apply-form\" method=\"post\">\n                    <input type=\"hidden\" id=\"cjv_apply_nonce\" name=\"cjv_apply_nonce\" value=\"a50b3f9c19\" \/><input type=\"hidden\" name=\"_wp_http_referer\" value=\"\/index.php?rest_route=%2Fwp%2Fv2%2Fpages%2F2\" \/>                    <input type=\"hidden\" name=\"job_id\" value=\"35\">\n                    <input type=\"hidden\" name=\"job_title\" value=\"Verwaltung in GM-H\u00fctte\">\n                    <input type=\"hidden\" name=\"job_location\" value=\"Georgsmarienh\u00fctte\">\n                    <input type=\"hidden\" name=\"job_category\" value=\"Verwaltung\">\n                    <p><label>Vorname *<input type=\"text\" name=\"vorname\" required><\/label><\/p>\n                    <p><label>Name *<input type=\"text\" name=\"nachname\" required><\/label><\/p>\n                    <p><label>Wohnort *<input type=\"text\" name=\"wohnort\" required><\/label><\/p>\n                    <p><label>E-Mail<input type=\"email\" name=\"email\"><\/label><\/p>\n                    <p><label>Telefon *<input type=\"tel\" name=\"telefon\" required><\/label><\/p>\n                    <p><label>Ich bewerbe mich in *<input type=\"text\" readonly value=\"Georgsmarienh\u00fctte\"><\/label><\/p>\n                    <p><label>Bereich *<input type=\"text\" readonly value=\"Verwaltung\"><\/label><\/p>\n                    <p><label>Fr\u00fchestes Eintrittsdatum<input type=\"date\" name=\"eintritt\"><\/label><\/p>\n                    <p><label>Anmerkungen<textarea name=\"anmerkungen\"><\/textarea><\/label><\/p>\n                    <p><button type=\"submit\" name=\"cjv_apply_submit\">Absenden<\/button><\/p>\n                <\/form>\n            <\/td>\n        <\/tr>\n                <tr id=\"job-32\" class=\"cjv-row\" data-id=\"32\">\n            <td>Pflegejob in Bad Laer<\/td>\n            <td>St. Antonius in Bad Laer<\/td>\n            <td>Bad Laer<\/td>\n            <td>12-15 Stunden<\/td>\n            <td>Pflege<\/td>\n        <\/tr>\n        <tr class=\"cjv-detail\">\n            <td colspan=\"5\">\n                                <button class=\"cjv-copy-button\">Dieses Angebot kopieren<\/button>\n                <div class=\"cjv-detail-content\"><div id=\"stellenangebot-inhalt-408\" class=\"ein-stellenangebot-inhalt\">\n<h4>Pr\u00e4senzkraft (m\/w\/d)<\/h4>\n<div class=\"text\">\n<p><strong>Zum n\u00e4chstm\u00f6glichen Zeitpunkt sucht die CNP Nordkreis Service gGmbH Dich in Teilzeit als\u00a0Pr\u00e4senzkraft (m\/w\/d)<\/strong><\/p>\n<p>Ihre Aufgaben:<\/p>\n<ul>\n<li>Mitwirkung bei der Planung, Koordination und Durchf\u00fchrung der hauswirtschaftlichen T\u00e4tigkeiten in den Wohngruppen gem\u00e4\u00df den Anforderungen des Kunden<\/li>\n<li>Bereitstellen der Speisen nach dem Stand der aktuellen ern\u00e4hrungsphysiologischen Erkenntnisse und den Bed\u00fcrfnissen der Kunden<\/li>\n<li>st\u00e4ndigen Kontakt halten zu unseren Kunden, der Leitung und den Mitarbeiter*innen<\/li>\n<\/ul>\n<p><strong>Sie verf\u00fcgen \u00fcber:<\/strong><\/p>\n<ul>\n<li>selbstst\u00e4ndige und gewissenhafte Arbeitsweise<\/li>\n<li>Verantwortungsbewusstsein<\/li>\n<li>Kooperationsf\u00e4higkeit und Teamgeist<\/li>\n<li>Flexibilit\u00e4t betreffen der Arbeitszeit<\/li>\n<li>hohe Lern-und Leistungsbereitschaft<\/li>\n<\/ul>\n<p><strong>Wir bieten Ihnen:<\/strong><\/p>\n<ul>\n<li>eine interessante und verantwortungsvolle Aufgabe<\/li>\n<li>einen vielseitigen T\u00e4tigkeitsbereich innerhalb der Hauswirtschaft<\/li>\n<li>qualifizierte und kollegiale Begleitung<\/li>\n<li>M\u00f6glichkeit zur Fort-und Weiterbildung<\/li>\n<li>eine leistungsgerechte Verg\u00fctung<\/li>\n<\/ul>\n<p>Bewerbungen von Menschen mit Behinderung sind erw\u00fcnscht.<\/p>\n<p>F\u00fcr weitere Fragen steht Ihnen Frau Siering unter der Telefonnummer 0172-3659505 gern zur Verf\u00fcgung.<\/p>\n<p>Caritas Nordkreis Pflege GmbH<br \/>\nPersonalabteilung<br \/>\nBramscher Stra\u00dfe 24<br \/>\n49593 Bersenbr\u00fcck<br \/>\nMail: personalabteilung@nordkreis-pflege.de<\/p>\n<\/div>\n<\/div>\n<\/div>\n                <button class=\"cjv-apply-toggle\">Bewerben<\/button>\n                <form class=\"cjv-apply-form\" method=\"post\">\n                    <input type=\"hidden\" id=\"cjv_apply_nonce\" name=\"cjv_apply_nonce\" value=\"a50b3f9c19\" \/><input type=\"hidden\" name=\"_wp_http_referer\" value=\"\/index.php?rest_route=%2Fwp%2Fv2%2Fpages%2F2\" \/>                    <input type=\"hidden\" name=\"job_id\" value=\"32\">\n                    <input type=\"hidden\" name=\"job_title\" value=\"Pflegejob in Bad Laer\">\n                    <input type=\"hidden\" name=\"job_location\" value=\"Bad Laer\">\n                    <input type=\"hidden\" name=\"job_category\" value=\"Pflege\">\n                    <p><label>Vorname *<input type=\"text\" name=\"vorname\" required><\/label><\/p>\n                    <p><label>Name *<input type=\"text\" name=\"nachname\" required><\/label><\/p>\n                    <p><label>Wohnort *<input type=\"text\" name=\"wohnort\" required><\/label><\/p>\n                    <p><label>E-Mail<input type=\"email\" name=\"email\"><\/label><\/p>\n                    <p><label>Telefon *<input type=\"tel\" name=\"telefon\" required><\/label><\/p>\n                    <p><label>Ich bewerbe mich in *<input type=\"text\" readonly value=\"Bad Laer\"><\/label><\/p>\n                    <p><label>Bereich *<input type=\"text\" readonly value=\"Pflege\"><\/label><\/p>\n                    <p><label>Fr\u00fchestes Eintrittsdatum<input type=\"date\" name=\"eintritt\"><\/label><\/p>\n                    <p><label>Anmerkungen<textarea name=\"anmerkungen\"><\/textarea><\/label><\/p>\n                    <p><button type=\"submit\" name=\"cjv_apply_submit\">Absenden<\/button><\/p>\n                <\/form>\n            <\/td>\n        <\/tr>\n        <\/tbody><\/table>\n\n\n\n<p><\/p>\n","protected":false},"excerpt":{"rendered":"","protected":false},"author":1,"featured_media":0,"parent":0,"menu_order":0,"comment_status":"closed","ping_status":"open","template":"template-page-builder.php","meta":{"footnotes":""},"class_list":["post-2","page","type-page","status-publish","hentry"],"_links":{"self":[{"href":"https:\/\/wp-blank.server23.justdo-it.de\/index.php?rest_route=\/wp\/v2\/pages\/2","targetHints":{"allow":["GET"]}}],"collection":[{"href":"https:\/\/wp-blank.server23.justdo-it.de\/index.php?rest_route=\/wp\/v2\/pages"}],"about":[{"href":"https:\/\/wp-blank.server23.justdo-it.de\/index.php?rest_route=\/wp\/v2\/types\/page"}],"author":[{"embeddable":true,"href":"https:\/\/wp-blank.server23.justdo-it.de\/index.php?rest_route=\/wp\/v2\/users\/1"}],"replies":[{"embeddable":true,"href":"https:\/\/wp-blank.server23.justdo-it.de\/index.php?rest_route=%2Fwp%2Fv2%2Fcomments&post=2"}],"version-history":[{"count":3,"href":"https:\/\/wp-blank.server23.justdo-it.de\/index.php?rest_route=\/wp\/v2\/pages\/2\/revisions"}],"predecessor-version":[{"id":33,"href":"https:\/\/wp-blank.server23.justdo-it.de\/index.php?rest_route=\/wp\/v2\/pages\/2\/revisions\/33"}],"wp:attachment":[{"href":"https:\/\/wp-blank.server23.justdo-it.de\/index.php?rest_route=%2Fwp%2Fv2%2Fmedia&parent=2"}],"curies":[{"name":"wp","href":"https:\/\/api.w.org\/{rel}","templated":true}]}}